{"id":11,"date":"2012-06-15T20:44:59","date_gmt":"2012-06-15T20:44:59","guid":{"rendered":"http:\/\/www.aminakindler.ch\/wp\/?page_id=11"},"modified":"2012-06-24T21:11:39","modified_gmt":"2012-06-24T21:11:39","slug":"gewichtsreduktion","status":"publish","type":"page","link":"http:\/\/www.aminakindler.ch\/?page_id=11","title":{"rendered":"Gewichtsreduktion"},"content":{"rendered":"<p>Gibt es sie in ihrem Leben? \u00a0Diese l\u00e4stigen \u00fcberfl\u00fcssigen Kilos?<\/p>\n<p>Gerne begleite ich Sie auf ihrem Weg zum Wohlf\u00fchlgewicht!<\/p>\n<p>Eine Beratung, welche ganz ihren Bed\u00fcrfnissen und M\u00f6glichkeiten angepasst ist, wird Ihnen dabei helfen ihre Ern\u00e4hrung auf gesunde, ausgewogene Wege zu leiten. Meine Beratung basiert auf den Empfehlungen der Schweizerischen Gesellschaft f\u00fcr Ern\u00e4hrung. Somit handelt es sich in keinster Weise um eine Di\u00e4t, sondern viel mehr um das Erlernen eines gesunden Essverhaltens.<\/p>\n<p>Dabei sinkt das Gewicht langsam und kontinuierlich, der bef\u00fcrchtete Jojo-Effekt bleibt aus!<\/p>\n<p>Machen Sie diesen ersten mutigen Schritt in Richtung Wohlf\u00fchlgewicht und melden Sie sich an f\u00fcr ein unverbindliches und kostenloses Erstgespr\u00e4ch!<\/p>\n","protected":false},"excerpt":{"rendered":"<p>Gibt es sie in ihrem Leben? \u00a0Diese l\u00e4stigen \u00fcberfl\u00fcssigen Kilos? Gerne begleite ich Sie auf ihrem Weg zum Wohlf\u00fchlgewicht! Eine Beratung, welche ganz ihren Bed\u00fcrfnissen und M\u00f6glichkeiten angepasst ist, wird Ihnen dabei helfen ihre Ern\u00e4hrung auf gesunde, ausgewogene Wege zu &hellip; <a href=\"http:\/\/www.aminakindler.ch\/?page_id=11\">Continue reading <span class=\"meta-nav\">&rarr;<\/span><\/a><\/p>\n","protected":false},"author":1,"featured_media":0,"parent":0,"menu_order":0,"comment_status":"closed","ping_status":"closed","template":"","meta":[],"_links":{"self":[{"href":"http:\/\/www.aminakindler.ch\/index.php?rest_route=\/wp\/v2\/pages\/11"}],"collection":[{"href":"http:\/\/www.aminakindler.ch\/index.php?rest_route=\/wp\/v2\/pages"}],"about":[{"href":"http:\/\/www.aminakindler.ch\/index.php?rest_route=\/wp\/v2\/types\/page"}],"author":[{"embeddable":true,"href":"http:\/\/www.aminakindler.ch\/index.php?rest_route=\/wp\/v2\/users\/1"}],"replies":[{"embeddable":true,"href":"http:\/\/www.aminakindler.ch\/index.php?rest_route=%2Fwp%2Fv2%2Fcomments&post=11"}],"version-history":[{"count":5,"href":"http:\/\/www.aminakindler.ch\/index.php?rest_route=\/wp\/v2\/pages\/11\/revisions"}],"predecessor-version":[{"id":66,"href":"http:\/\/www.aminakindler.ch\/index.php?rest_route=\/wp\/v2\/pages\/11\/revisions\/66"}],"wp:attachment":[{"href":"http:\/\/www.aminakindler.ch\/index.php?rest_route=%2Fwp%2Fv2%2Fmedia&parent=11"}],"curies":[{"name":"wp","href":"https:\/\/api.w.org\/{rel}","templated":true}]}}