{"id":14,"date":"2012-06-15T20:45:38","date_gmt":"2012-06-15T20:45:38","guid":{"rendered":"http:\/\/www.aminakindler.ch\/wp\/?page_id=14"},"modified":"2012-06-24T21:17:18","modified_gmt":"2012-06-24T21:17:18","slug":"schwangerschaft","status":"publish","type":"page","link":"http:\/\/www.aminakindler.ch\/?page_id=14","title":{"rendered":"Schwangerschaft"},"content":{"rendered":"<p>Ein Wunder ist geschehen!<\/p>\n<p>Bestimmt sehen auch Sie dieses kleine Menschlein nicht als selbstverst\u00e4ndlich an! Gerade deshalb macht es Freude und legt es Motivation an den Tag, die Ern\u00e4hrung der Mutter zu optimieren.<\/p>\n<p>Im Wissen, dass Ihr Baby immer und \u00fcberall mit Ihnen &#8222;mit isst&#8220;, ist es sehr wichtig, sich \u00fcber Notwendigkeiten, M\u00e4ngel und auch Gefahren zu informieren.<\/p>\n<p>Gerne stehe ich Ihnen w\u00e4hrend ihrer ganzen Schwangerschaft beratend zur Seite!<\/p>\n","protected":false},"excerpt":{"rendered":"<p>Ein Wunder ist geschehen! Bestimmt sehen auch Sie dieses kleine Menschlein nicht als selbstverst\u00e4ndlich an! Gerade deshalb macht es Freude und legt es Motivation an den Tag, die Ern\u00e4hrung der Mutter zu optimieren. Im Wissen, dass Ihr Baby immer und &hellip; <a href=\"http:\/\/www.aminakindler.ch\/?page_id=14\">Continue reading <span class=\"meta-nav\">&rarr;<\/span><\/a><\/p>\n","protected":false},"author":1,"featured_media":0,"parent":0,"menu_order":0,"comment_status":"closed","ping_status":"closed","template":"","meta":[],"_links":{"self":[{"href":"http:\/\/www.aminakindler.ch\/index.php?rest_route=\/wp\/v2\/pages\/14"}],"collection":[{"href":"http:\/\/www.aminakindler.ch\/index.php?rest_route=\/wp\/v2\/pages"}],"about":[{"href":"http:\/\/www.aminakindler.ch\/index.php?rest_route=\/wp\/v2\/types\/page"}],"author":[{"embeddable":true,"href":"http:\/\/www.aminakindler.ch\/index.php?rest_route=\/wp\/v2\/users\/1"}],"replies":[{"embeddable":true,"href":"http:\/\/www.aminakindler.ch\/index.php?rest_route=%2Fwp%2Fv2%2Fcomments&post=14"}],"version-history":[{"count":4,"href":"http:\/\/www.aminakindler.ch\/index.php?rest_route=\/wp\/v2\/pages\/14\/revisions"}],"predecessor-version":[{"id":105,"href":"http:\/\/www.aminakindler.ch\/index.php?rest_route=\/wp\/v2\/pages\/14\/revisions\/105"}],"wp:attachment":[{"href":"http:\/\/www.aminakindler.ch\/index.php?rest_route=%2Fwp%2Fv2%2Fmedia&parent=14"}],"curies":[{"name":"wp","href":"https:\/\/api.w.org\/{rel}","templated":true}]}}