{"id":19,"date":"2012-06-15T20:46:15","date_gmt":"2012-06-15T20:46:15","guid":{"rendered":"http:\/\/www.aminakindler.ch\/wp\/?page_id=19"},"modified":"2012-06-26T11:41:23","modified_gmt":"2012-06-26T11:41:23","slug":"familientisch","status":"publish","type":"page","link":"http:\/\/www.aminakindler.ch\/?page_id=19","title":{"rendered":"Familientisch"},"content":{"rendered":"<p>Haben Sie sich auch schon gefragt, wie eine gesunde Ern\u00e4hrung am Familientisch umgesetzt werden kann?<\/p>\n<p>Die Tatsache, dass bestimmt auch ihr Kind nicht immer alles isst, wirft die Frage auf, wie eine ausgewogene und somit auch entwicklungsf\u00f6rdernde Ern\u00e4hrung aussehen kann.<\/p>\n<p>Anhand von beispielhaften Menupl\u00e4nen und Rezeptvorschl\u00e4gen kann ich Sie dabei unterst\u00fctzen, dies in ihrem Alltag sinnvoll einfliessen zu lassen.<\/p>\n","protected":false},"excerpt":{"rendered":"<p>Haben Sie sich auch schon gefragt, wie eine gesunde Ern\u00e4hrung am Familientisch umgesetzt werden kann? Die Tatsache, dass bestimmt auch ihr Kind nicht immer alles isst, wirft die Frage auf, wie eine ausgewogene und somit auch entwicklungsf\u00f6rdernde Ern\u00e4hrung aussehen kann. &hellip; <a href=\"http:\/\/www.aminakindler.ch\/?page_id=19\">Continue reading <span class=\"meta-nav\">&rarr;<\/span><\/a><\/p>\n","protected":false},"author":1,"featured_media":0,"parent":0,"menu_order":0,"comment_status":"closed","ping_status":"closed","template":"","meta":[],"_links":{"self":[{"href":"http:\/\/www.aminakindler.ch\/index.php?rest_route=\/wp\/v2\/pages\/19"}],"collection":[{"href":"http:\/\/www.aminakindler.ch\/index.php?rest_route=\/wp\/v2\/pages"}],"about":[{"href":"http:\/\/www.aminakindler.ch\/index.php?rest_route=\/wp\/v2\/types\/page"}],"author":[{"embeddable":true,"href":"http:\/\/www.aminakindler.ch\/index.php?rest_route=\/wp\/v2\/users\/1"}],"replies":[{"embeddable":true,"href":"http:\/\/www.aminakindler.ch\/index.php?rest_route=%2Fwp%2Fv2%2Fcomments&post=19"}],"version-history":[{"count":6,"href":"http:\/\/www.aminakindler.ch\/index.php?rest_route=\/wp\/v2\/pages\/19\/revisions"}],"predecessor-version":[{"id":122,"href":"http:\/\/www.aminakindler.ch\/index.php?rest_route=\/wp\/v2\/pages\/19\/revisions\/122"}],"wp:attachment":[{"href":"http:\/\/www.aminakindler.ch\/index.php?rest_route=%2Fwp%2Fv2%2Fmedia&parent=19"}],"curies":[{"name":"wp","href":"https:\/\/api.w.org\/{rel}","templated":true}]}}