{"id":28,"date":"2012-06-15T20:47:29","date_gmt":"2012-06-15T20:47:29","guid":{"rendered":"http:\/\/www.aminakindler.ch\/wp\/?page_id=28"},"modified":"2015-12-24T11:30:38","modified_gmt":"2015-12-24T11:30:38","slug":"standort","status":"publish","type":"page","link":"http:\/\/www.aminakindler.ch\/?page_id=28","title":{"rendered":"Standort"},"content":{"rendered":"<p>Praxis f\u00fcr gesunde Ern\u00e4hrung<br \/>\nHubelweg 20<br \/>\n3504 Niederh\u00fcnigen<\/p>\n<p><iframe src=\"https:\/\/www.google.com\/maps\/embed?pb=!1m18!1m12!1m3!1d18348.17041185727!2d7.629262656253023!3d46.87376515061551!2m3!1f0!2f0!3f0!3m2!1i1024!2i768!4f13.1!3m3!1m2!1s0x478fb5537405c411%3A0x4b0cd2516bd184b5!2sHubelweg+20%2C+3504+Niederh%C3%BCnigen!5e0!3m2!1sde!2sch!4v1450956473901\" width=\"425\" height=\"350\" frameborder=\"0\" style=\"border:0\" allowfullscreen><\/iframe><\/p>\n","protected":false},"excerpt":{"rendered":"<p>Praxis f\u00fcr gesunde Ern\u00e4hrung Hubelweg 20 3504 Niederh\u00fcnigen<\/p>\n","protected":false},"author":1,"featured_media":0,"parent":0,"menu_order":0,"comment_status":"closed","ping_status":"closed","template":"","meta":[],"_links":{"self":[{"href":"http:\/\/www.aminakindler.ch\/index.php?rest_route=\/wp\/v2\/pages\/28"}],"collection":[{"href":"http:\/\/www.aminakindler.ch\/index.php?rest_route=\/wp\/v2\/pages"}],"about":[{"href":"http:\/\/www.aminakindler.ch\/index.php?rest_route=\/wp\/v2\/types\/page"}],"author":[{"embeddable":true,"href":"http:\/\/www.aminakindler.ch\/index.php?rest_route=\/wp\/v2\/users\/1"}],"replies":[{"embeddable":true,"href":"http:\/\/www.aminakindler.ch\/index.php?rest_route=%2Fwp%2Fv2%2Fcomments&post=28"}],"version-history":[{"count":11,"href":"http:\/\/www.aminakindler.ch\/index.php?rest_route=\/wp\/v2\/pages\/28\/revisions"}],"predecessor-version":[{"id":164,"href":"http:\/\/www.aminakindler.ch\/index.php?rest_route=\/wp\/v2\/pages\/28\/revisions\/164"}],"wp:attachment":[{"href":"http:\/\/www.aminakindler.ch\/index.php?rest_route=%2Fwp%2Fv2%2Fmedia&parent=28"}],"curies":[{"name":"wp","href":"https:\/\/api.w.org\/{rel}","templated":true}]}}