{"id":5,"date":"2012-06-15T20:44:16","date_gmt":"2012-06-15T20:44:16","guid":{"rendered":"http:\/\/www.aminakindler.ch\/wp\/?page_id=5"},"modified":"2014-04-03T19:05:38","modified_gmt":"2014-04-03T19:05:38","slug":"home","status":"publish","type":"page","link":"http:\/\/www.aminakindler.ch\/","title":{"rendered":"Home"},"content":{"rendered":"<p><span style=\"font-size: large; color: #009ee2;\">\u201eAuch der erste Schritt geh\u00f6rt zum Weg.\u201c<\/span> <span style=\"font-size: small; color: #000000;\">(Arthur Schnitzler)<\/span><\/p>\n<p>Unsere t\u00e4gliche Ern\u00e4hrung erz\u00e4hlt uns Geschichten \u00fcber unser Leben, unsere Gewohnheiten, Vorlieben und Abneigungen. Gerade deshalb soll sie einen besonderen Stellenwert erhalten und sich zu einem genussvollen Teil unseres Lebens entwickeln!<\/p>\n<p>&nbsp;<\/p>\n","protected":false},"excerpt":{"rendered":"<p>\u201eAuch der erste Schritt geh\u00f6rt zum Weg.\u201c (Arthur Schnitzler) Unsere t\u00e4gliche Ern\u00e4hrung erz\u00e4hlt uns Geschichten \u00fcber unser Leben, unsere Gewohnheiten, Vorlieben und Abneigungen. Gerade deshalb soll sie einen besonderen Stellenwert erhalten und sich zu einem genussvollen Teil unseres Lebens entwickeln! &hellip; <a href=\"http:\/\/www.aminakindler.ch\/\">Continue reading <span class=\"meta-nav\">&rarr;<\/span><\/a><\/p>\n","protected":false},"author":1,"featured_media":0,"parent":0,"menu_order":0,"comment_status":"closed","ping_status":"closed","template":"","meta":[],"_links":{"self":[{"href":"http:\/\/www.aminakindler.ch\/index.php?rest_route=\/wp\/v2\/pages\/5"}],"collection":[{"href":"http:\/\/www.aminakindler.ch\/index.php?rest_route=\/wp\/v2\/pages"}],"about":[{"href":"http:\/\/www.aminakindler.ch\/index.php?rest_route=\/wp\/v2\/types\/page"}],"author":[{"embeddable":true,"href":"http:\/\/www.aminakindler.ch\/index.php?rest_route=\/wp\/v2\/users\/1"}],"replies":[{"embeddable":true,"href":"http:\/\/www.aminakindler.ch\/index.php?rest_route=%2Fwp%2Fv2%2Fcomments&post=5"}],"version-history":[{"count":27,"href":"http:\/\/www.aminakindler.ch\/index.php?rest_route=\/wp\/v2\/pages\/5\/revisions"}],"predecessor-version":[{"id":86,"href":"http:\/\/www.aminakindler.ch\/index.php?rest_route=\/wp\/v2\/pages\/5\/revisions\/86"}],"wp:attachment":[{"href":"http:\/\/www.aminakindler.ch\/index.php?rest_route=%2Fwp%2Fv2%2Fmedia&parent=5"}],"curies":[{"name":"wp","href":"https:\/\/api.w.org\/{rel}","templated":true}]}}